{"id":318,"date":"2023-11-16T23:09:53","date_gmt":"2023-11-16T23:09:53","guid":{"rendered":"https:\/\/peksglobal.com\/?page_id=318"},"modified":"2024-01-23T10:30:41","modified_gmt":"2024-01-23T10:30:41","slug":"tarihce","status":"publish","type":"page","link":"https:\/\/peksglobal.com\/?page_id=318","title":{"rendered":"Tarih\u00e7e"},"content":{"rendered":"\t\t<div data-elementor-type=\"wp-page\" data-elementor-id=\"318\" class=\"elementor elementor-318\" data-elementor-post-type=\"page\">\n\t\t\t\t<div class=\"elementor-element elementor-element-4b36bb4 e-flex e-con-boxed e-con e-parent\" data-id=\"4b36bb4\" data-element_type=\"container\" data-e-type=\"container\">\n\t\t\t\t\t<div class=\"e-con-inner\">\n\t\t\t\t<div class=\"elementor-element elementor-element-6ea4b65 elementor-widget elementor-widget-heading\" data-id=\"6ea4b65\" data-element_type=\"widget\" data-e-type=\"widget\" data-widget_type=\"heading.default\">\n\t\t\t\t<div class=\"elementor-widget-container\">\n\t\t\t\t\t<h2 class=\"elementor-heading-title elementor-size-default\">Tarih\u00e7e<\/h2>\t\t\t\t<\/div>\n\t\t\t\t<\/div>\n\t\t\t\t<div class=\"elementor-element elementor-element-09e1c25 elementor-widget elementor-widget-pp-breadcrumbs\" data-id=\"09e1c25\" data-element_type=\"widget\" data-e-type=\"widget\" data-settings=\"{&quot;breadcrumbs_type&quot;:&quot;powerpack&quot;}\" data-widget_type=\"pp-breadcrumbs.default\">\n\t\t\t\t<div class=\"elementor-widget-container\">\n\t\t\t\t\t<ul class=\"pp-breadcrumbs pp-breadcrumbs-powerpack\">\t\t<li class=\"pp-breadcrumbs-item pp-breadcrumbs-item-home\">\n\t\t\t<a class=\"pp-breadcrumbs-crumb pp-breadcrumbs-crumb-link pp-breadcrumbs-crumb-home\" href=\"https:\/\/peksglobal.com\" title=\"Home\">\n\t\t\t\t<span class=\"pp-breadcrumbs-text\">\n\t\t\t\t\t\t\t\t\t\t\t<span class=\"pp-icon\">\n\t\t\t\t\t\t\t<svg aria-hidden=\"true\" class=\"e-font-icon-svg e-fas-home\" viewBox=\"0 0 576 512\" xmlns=\"http:\/\/www.w3.org\/2000\/svg\"><path d=\"M280.37 148.26L96 300.11V464a16 16 0 0 0 16 16l112.06-.29a16 16 0 0 0 15.92-16V368a16 16 0 0 1 16-16h64a16 16 0 0 1 16 16v95.64a16 16 0 0 0 16 16.05L464 480a16 16 0 0 0 16-16V300L295.67 148.26a12.19 12.19 0 0 0-15.3 0zM571.6 251.47L488 182.56V44.05a12 12 0 0 0-12-12h-56a12 12 0 0 0-12 12v72.61L318.47 43a48 48 0 0 0-61 0L4.34 251.47a12 12 0 0 0-1.6 16.9l25.5 31A12 12 0 0 0 45.15 301l235.22-193.74a12.19 12.19 0 0 1 15.3 0L530.9 301a12 12 0 0 0 16.9-1.6l25.5-31a12 12 0 0 0-1.7-16.93z\"><\/path><\/svg>\t\t\t\t\t\t<\/span>\n\t\t\t\t\t\t\t\t\t\tHome\t\t\t\t<\/span>\n\t\t\t<\/a>\n\t\t<\/li>\n\t\t<li class=\"pp-breadcrumbs-separator\">\t\t\t\t<span class='pp-separator-icon pp-icon'>\n\t\t\t\t\t<svg aria-hidden=\"true\" class=\"e-font-icon-svg e-fas-angle-right\" viewBox=\"0 0 256 512\" xmlns=\"http:\/\/www.w3.org\/2000\/svg\"><path d=\"M224.3 273l-136 136c-9.4 9.4-24.6 9.4-33.9 0l-22.6-22.6c-9.4-9.4-9.4-24.6 0-33.9l96.4-96.4-96.4-96.4c-9.4-9.4-9.4-24.6 0-33.9L54.3 103c9.4-9.4 24.6-9.4 33.9 0l136 136c9.5 9.4 9.5 24.6.1 34z\"><\/path><\/svg>\t\t\t\t<\/span>\n\t\t\t\t<\/li><\/ul>\t\t\t\t<\/div>\n\t\t\t\t<\/div>\n\t\t\t\t\t<\/div>\n\t\t\t\t<\/div>\n\t\t<div class=\"elementor-element elementor-element-fdf08ac e-flex e-con-boxed e-con e-parent\" data-id=\"fdf08ac\" data-element_type=\"container\" data-e-type=\"container\">\n\t\t\t\t\t<div class=\"e-con-inner\">\n\t\t\t\t<div class=\"elementor-element elementor-element-ad494d8 elementor-widget elementor-widget-text-editor\" data-id=\"ad494d8\" data-element_type=\"widget\" data-e-type=\"widget\" data-widget_type=\"text-editor.default\">\n\t\t\t\t<div class=\"elementor-widget-container\">\n\t\t\t\t\t\t\t\t\tPeker Tekstil kurulu\u015fu 1960\u2019a uzanan ve <u style=\"color:#D71920\">tekstil ham maddeleri \u00fcretimi ve ticareti<\/u> yapan bir aile \u015firketidir. \u0130stanbul\u2019da kuruldu\u011fu g\u00fcnden bu yana T\u00fcrkiye Tekstil sekt\u00f6r\u00fcnde m\u00fc\u015fteri memnuniyeti, zaman\u0131nda hizmet ve esneklik konusunda hakl\u0131 bir isim sahibi olmu\u015ftur. 60 y\u0131ll\u0131k tecr\u00fcbeye, \u015fu anda d\u00fcnyan\u0131n en b\u00fcy\u00fck 250 Tekstil Ticaret \u015firketinden birisidir.\t\t\t\t\t\t\t\t<\/div>\n\t\t\t\t<\/div>\n\t\t\t\t\t<\/div>\n\t\t\t\t<\/div>\n\t\t<div class=\"elementor-element elementor-element-79c31ff e-flex e-con-boxed e-con e-parent\" data-id=\"79c31ff\" data-element_type=\"container\" data-e-type=\"container\">\n\t\t\t\t\t<div class=\"e-con-inner\">\n\t\t<div class=\"elementor-element elementor-element-821e5da e-con-full e-flex e-con e-child\" data-id=\"821e5da\" data-element_type=\"container\" data-e-type=\"container\">\n\t\t\t\t<div class=\"elementor-element elementor-element-c092ea7 elementor-widget elementor-widget-heading\" data-id=\"c092ea7\" data-element_type=\"widget\" data-e-type=\"widget\" data-widget_type=\"heading.default\">\n\t\t\t\t<div class=\"elementor-widget-container\">\n\t\t\t\t\t<h3 class=\"elementor-heading-title elementor-size-default\">1960 - Kurulu\u015f<\/h3>\t\t\t\t<\/div>\n\t\t\t\t<\/div>\n\t\t\t\t<div class=\"elementor-element elementor-element-841d618 elementor-widget elementor-widget-text-editor\" data-id=\"841d618\" data-element_type=\"widget\" data-e-type=\"widget\" data-widget_type=\"text-editor.default\">\n\t\t\t\t<div class=\"elementor-widget-container\">\n\t\t\t\t\t\t\t\t\t<p>Peker Tekstil kurulu\u015fu 1960\u2019l\u0131 y\u0131llara uzanan, tekstil hammaddeleri \u00fcretimi ve ticaretini yapan bir aile \u015firketidir. \u0130stanbul Sultanhamam piyasas\u0131nda evrak\u0131n olmad\u0131\u011f\u0131, s\u00f6z\u00fcn ge\u00e7erli oldu\u011fu, s\u00f6z\u00fcn a\u011f\u0131zdan nas\u0131l \u00e7\u0131km\u0131\u015fsa aynen uygulan\u0131r oldu\u011fu, d\u00fcr\u00fcstl\u00fck ve do\u011frulukla ticaretin yap\u0131labilirli\u011fini en iyi \u015fekilde ya\u015famas\u0131 ve ya\u015fatmas\u0131yla \u0130stanbul piyasas\u0131nda \u00f6zel bir yeri olmu\u015ftur.<\/p>\t\t\t\t\t\t\t\t<\/div>\n\t\t\t\t<\/div>\n\t\t\t\t<div class=\"elementor-element elementor-element-b15e79f elementor-widget elementor-widget-heading\" data-id=\"b15e79f\" data-element_type=\"widget\" data-e-type=\"widget\" data-widget_type=\"heading.default\">\n\t\t\t\t<div class=\"elementor-widget-container\">\n\t\t\t\t\t<h3 class=\"elementor-heading-title elementor-size-default\">1970'ler - SASA ile ilk i\u015f birli\u011fi<\/h3>\t\t\t\t<\/div>\n\t\t\t\t<\/div>\n\t\t\t\t<div class=\"elementor-element elementor-element-1045c9f elementor-widget elementor-widget-text-editor\" data-id=\"1045c9f\" data-element_type=\"widget\" data-e-type=\"widget\" data-widget_type=\"text-editor.default\">\n\t\t\t\t<div class=\"elementor-widget-container\">\n\t\t\t\t\t\t\t\t\t<p>1970\u2019li y\u0131llara gelindi\u011finde bu etkenli\u011fi SASA Suni Sentetik Elyaf Fabrikas\u0131 sahibi Sabanc\u0131 Ailesi\u2019nin dikkatini \u00e7ekmi\u015f ve sat\u0131\u015f distrib\u00fct\u00f6rl\u00fc\u011f\u00fcn\u00fc Peker Ailesi\u2019ne vererek polyester iplik sat\u0131\u015f\u0131na ba\u015flam\u0131\u015ft\u0131r.<\/p>\t\t\t\t\t\t\t\t<\/div>\n\t\t\t\t<\/div>\n\t\t\t\t<div class=\"elementor-element elementor-element-b9c2474 elementor-widget elementor-widget-heading\" data-id=\"b9c2474\" data-element_type=\"widget\" data-e-type=\"widget\" data-widget_type=\"heading.default\">\n\t\t\t\t<div class=\"elementor-widget-container\">\n\t\t\t\t\t<h3 class=\"elementor-heading-title elementor-size-default\">1990'lar - \u0130thalat<\/h3>\t\t\t\t<\/div>\n\t\t\t\t<\/div>\n\t\t\t\t<div class=\"elementor-element elementor-element-bc65fb0 elementor-widget elementor-widget-text-editor\" data-id=\"bc65fb0\" data-element_type=\"widget\" data-e-type=\"widget\" data-widget_type=\"text-editor.default\">\n\t\t\t\t<div class=\"elementor-widget-container\">\n\t\t\t\t\t\t\t\t\t<p>1990\u2019l\u0131 y\u0131llar\u0131n sonlar\u0131na do\u011fu SASA A.\u015e.\u2019nin uluslararas\u0131 iplik piyasas\u0131ndaki rekabet ko\u015fullar\u0131ndan dolay\u0131 \u00fcretimini bitirme noktas\u0131na geldi\u011fi tarihlerde Peker Tekstil kendi markas\u0131yla yurtd\u0131\u015f\u0131nda yap\u0131lanarak, tekst\u00fcre iplik, polyester kesik elyaf, %100 viskon kar\u0131\u015f\u0131ml\u0131 iplik ithalatlar\u0131na y\u00f6nelmi\u015ftir. T\u00fcrkiye\u2019nin iplik ithalat\u0131nda liderli\u011fine ula\u015fm\u0131\u015ft\u0131r. D\u00fcnya\u2019n\u0131n halen en b\u00fcy\u00fck 250 Tekstil ticaret \u015firketinden birisi olarak hayat\u0131na devam etmektedir.<\/p>\t\t\t\t\t\t\t\t<\/div>\n\t\t\t\t<\/div>\n\t\t\t\t<div class=\"elementor-element elementor-element-e08dc1e elementor-widget elementor-widget-heading\" data-id=\"e08dc1e\" data-element_type=\"widget\" data-e-type=\"widget\" data-widget_type=\"heading.default\">\n\t\t\t\t<div class=\"elementor-widget-container\">\n\t\t\t\t\t<h3 class=\"elementor-heading-title elementor-size-default\">2022 - B\u00fcy\u00fcme<\/h3>\t\t\t\t<\/div>\n\t\t\t\t<\/div>\n\t\t\t\t<div class=\"elementor-element elementor-element-d6fcfd3 elementor-widget elementor-widget-text-editor\" data-id=\"d6fcfd3\" data-element_type=\"widget\" data-e-type=\"widget\" data-widget_type=\"text-editor.default\">\n\t\t\t\t<div class=\"elementor-widget-container\">\n\t\t\t\t\t\t\t\t\t<p>T\u00fcrkiye\u2019de ko\u015fullar de\u011fi\u015fip SASA Polyester A.\u015e. Erdemo\u011flu Holding\u2019e ge\u00e7ti\u011finde daha \u00f6nceki iplik operasyonundaki ba\u015far\u0131lar\u0131 ile tekrar SASA Polyester A.\u015e.\u2019nin iplik pazarlamas\u0131n\u0131 \u00fcstlenmi\u015ftir ve bu faaliyetini s\u00fcrd\u00fcrmektedir.<\/p><p>2020\u2019lar\u0131n ba\u015f\u0131nda \u015firket, inovasyon ve s\u00fcrd\u00fcr\u00fclebilirlik konular\u0131na odaklanm\u0131\u015ft\u0131r. \u00c7evre dostu \u00fcretim s\u00fcre\u00e7lerini benimseyerek ve y\u00fcksek kalite standartlar\u0131n\u0131 s\u00fcrd\u00fcrerek, Peker Tekstil Tekstil sekt\u00f6r\u00fcndeki liderlik pozisyonunu g\u00fc\u00e7lendirmi\u015ftir.<\/p>\t\t\t\t\t\t\t\t<\/div>\n\t\t\t\t<\/div>\n\t\t\t\t<div class=\"elementor-element elementor-element-f918549 elementor-widget elementor-widget-heading\" data-id=\"f918549\" data-element_type=\"widget\" data-e-type=\"widget\" data-widget_type=\"heading.default\">\n\t\t\t\t<div class=\"elementor-widget-container\">\n\t\t\t\t\t<h3 class=\"elementor-heading-title elementor-size-default\">2023 - De\u011fi\u015fim<\/h3>\t\t\t\t<\/div>\n\t\t\t\t<\/div>\n\t\t\t\t<div class=\"elementor-element elementor-element-90b8ff9 elementor-widget elementor-widget-text-editor\" data-id=\"90b8ff9\" data-element_type=\"widget\" data-e-type=\"widget\" data-widget_type=\"text-editor.default\">\n\t\t\t\t<div class=\"elementor-widget-container\">\n\t\t\t\t\t\t\t\t\t<p>\u015eirketin ge\u00e7mi\u015fteki ba\u015far\u0131lar\u0131 gelecekteki hedeflerini \u015fekillendirmektedir. 2023 y\u0131l\u0131 itibar\u0131yla Peker Tekstil\u2019in markala\u015fma s\u00fcreci ba\u015flam\u0131\u015f. Peks Global markas\u0131 ile globalle\u015fme yolunda ilk ad\u0131m\u0131n\u0131 atm\u0131\u015ft\u0131r.<\/p><p>Bug\u00fcn, Peks Global m\u00fc\u015fteri memnuniyeti ve kaliteyi odak noktas\u0131 olarak koruyarak b\u00fcy\u00fcmeye devam etmektedir. Uluslararas\u0131 bir m\u00fc\u015fteri portf\u00f6y\u00fcne sahip olan \u015firket, yenilik\u00e7i ve s\u00fcrd\u00fcr\u00fclebilir tekstil \u00e7\u00f6z\u00fcmleri sunmaktad\u0131r.<\/p>\t\t\t\t\t\t\t\t<\/div>\n\t\t\t\t<\/div>\n\t\t\t\t<\/div>\n\t\t<div class=\"elementor-element elementor-element-2eeaf6f e-con-full e-flex e-con e-child\" data-id=\"2eeaf6f\" data-element_type=\"container\" data-e-type=\"container\" data-settings=\"{&quot;background_background&quot;:&quot;classic&quot;}\">\n\t\t\t\t<\/div>\n\t\t\t\t\t<\/div>\n\t\t\t\t<\/div>\n\t\t<div class=\"elementor-element elementor-element-fda7d26 e-con-full e-flex e-con e-parent\" data-id=\"fda7d26\" data-element_type=\"container\" data-e-type=\"container\">\n\t\t\t\t<div class=\"elementor-element elementor-element-5b937a4 elementor-widget elementor-widget-qi_addons_for_elementor_timeline\" data-id=\"5b937a4\" data-element_type=\"widget\" data-e-type=\"widget\" data-widget_type=\"qi_addons_for_elementor_timeline.default\">\n\t\t\t\t<div class=\"elementor-widget-container\">\n\t\t\t\t\t<div class=\"qodef-shortcode qodef-m qodef-qi-timeline qodef-timeline--horizontal qodef-layout--columns qodef-timeline-layout--horizontal-alternating qodef-point--diamond qodef-qi--has-appear\" data-options=\"{&quot;colNum&quot;:&quot;5&quot;,&quot;colNum1440&quot;:&quot;5&quot;,&quot;colNum1366&quot;:&quot;4&quot;,&quot;colNum1024&quot;:&quot;3&quot;,&quot;colNum768&quot;:&quot;2&quot;,&quot;colNum680&quot;:&quot;1&quot;,&quot;colNum480&quot;:&quot;1&quot;}\">\n\t<div class=\"qodef-nav-prev\">\n\t\t<svg aria-hidden=\"true\" class=\"e-font-icon-svg e-fas-caret-left\" viewBox=\"0 0 192 512\" xmlns=\"http:\/\/www.w3.org\/2000\/svg\"><path d=\"M192 127.338v257.324c0 17.818-21.543 26.741-34.142 14.142L29.196 270.142c-7.81-7.81-7.81-20.474 0-28.284l128.662-128.662c12.599-12.6 34.142-3.676 34.142 14.142z\"><\/path><\/svg>\t<\/div>\n\t<div class=\"qodef-nav-next\">\n\t\t<svg aria-hidden=\"true\" class=\"e-font-icon-svg e-fas-caret-right\" viewBox=\"0 0 192 512\" xmlns=\"http:\/\/www.w3.org\/2000\/svg\"><path d=\"M0 384.662V127.338c0-17.818 21.543-26.741 34.142-14.142l128.662 128.662c7.81 7.81 7.81 20.474 0 28.284L34.142 398.804C21.543 411.404 0 402.48 0 384.662z\"><\/path><\/svg>\t<\/div>\n\t<div class=\"qodef-grid-inner\">\n\t<div class=\"qodef-e qodef-e-item qodef-grid-item elementor-repeater-item-f614a01 qodef-reverse\">\n\t<div class=\"qodef-e-line-holder\">\n\t\t<span class=\"qodef-e-line\"><\/span>\n\t<\/div>\n\t<div class=\"qodef-e-item-inner\">\n\t\t<div class=\"qodef-e-point-holder\">\n\t\t\t<div class=\"qodef-e-point\">\n\t\t\t\t\t\t\t<\/div>\n\t\t<\/div>\n\t\t<div class=\"qodef-e-top-holder\">\n\t\t\t<div class=\"qodef-e-image\">\n\t<\/div>\n\t\t<\/div>\n\t\t<div class=\"qodef-e-content-holder\">\n\t\t\t\t<h4 class=\"qodef-e-title\">\n\t\t1960\t\t<\/h4>\n\t\t\t\t\t<p class=\"qodef-e-text\">\n\t\tKurulu\u015f\t<\/p>\n\t\t\t\t\t\t<\/div>\n\t<\/div>\n<\/div>\n<div class=\"qodef-e qodef-e-item qodef-grid-item elementor-repeater-item-48d7f6e qodef-obverse\">\n\t<div class=\"qodef-e-line-holder\">\n\t\t<span class=\"qodef-e-line\"><\/span>\n\t<\/div>\n\t<div class=\"qodef-e-item-inner\">\n\t\t<div class=\"qodef-e-point-holder\">\n\t\t\t<div class=\"qodef-e-point\">\n\t\t\t\t\t\t\t<\/div>\n\t\t<\/div>\n\t\t<div class=\"qodef-e-top-holder\">\n\t\t\t<div class=\"qodef-e-image\">\n\t<\/div>\n\t\t<\/div>\n\t\t<div class=\"qodef-e-content-holder\">\n\t\t\t\t<h4 class=\"qodef-e-title\">\n\t\t1970&#039;ler\t\t<\/h4>\n\t\t\t\t\t<p class=\"qodef-e-text\">\n\t\tSASA ile ilk i\u015f birli\u011fi\t<\/p>\n\t\t\t\t\t\t<\/div>\n\t<\/div>\n<\/div>\n<div class=\"qodef-e qodef-e-item qodef-grid-item elementor-repeater-item-65b1dcd qodef-reverse\">\n\t<div class=\"qodef-e-line-holder\">\n\t\t<span class=\"qodef-e-line\"><\/span>\n\t<\/div>\n\t<div class=\"qodef-e-item-inner\">\n\t\t<div class=\"qodef-e-point-holder\">\n\t\t\t<div class=\"qodef-e-point\">\n\t\t\t\t\t\t\t<\/div>\n\t\t<\/div>\n\t\t<div class=\"qodef-e-top-holder\">\n\t\t\t<div class=\"qodef-e-image\">\n\t<\/div>\n\t\t<\/div>\n\t\t<div class=\"qodef-e-content-holder\">\n\t\t\t\t<h4 class=\"qodef-e-title\">\n\t\t1990&#039;lar\t\t<\/h4>\n\t\t\t\t\t<p class=\"qodef-e-text\">\n\t\t\u0130thalat\t<\/p>\n\t\t\t\t\t\t<\/div>\n\t<\/div>\n<\/div>\n<div class=\"qodef-e qodef-e-item qodef-grid-item elementor-repeater-item-1894646 qodef-obverse\">\n\t<div class=\"qodef-e-line-holder\">\n\t\t<span class=\"qodef-e-line\"><\/span>\n\t<\/div>\n\t<div class=\"qodef-e-item-inner\">\n\t\t<div class=\"qodef-e-point-holder\">\n\t\t\t<div class=\"qodef-e-point\">\n\t\t\t\t\t\t\t<\/div>\n\t\t<\/div>\n\t\t<div class=\"qodef-e-top-holder\">\n\t\t\t<div class=\"qodef-e-image\">\n\t<\/div>\n\t\t<\/div>\n\t\t<div class=\"qodef-e-content-holder\">\n\t\t\t\t<h4 class=\"qodef-e-title\">\n\t\t2022\t\t<\/h4>\n\t\t\t\t\t<p class=\"qodef-e-text\">\n\t\tB\u00fcy\u00fcme\t<\/p>\n\t\t\t\t\t\t<\/div>\n\t<\/div>\n<\/div>\n<div class=\"qodef-e qodef-e-item qodef-grid-item elementor-repeater-item-e9f5af2 qodef-reverse\">\n\t<div class=\"qodef-e-line-holder\">\n\t\t<span class=\"qodef-e-line\"><\/span>\n\t<\/div>\n\t<div class=\"qodef-e-item-inner\">\n\t\t<div class=\"qodef-e-point-holder\">\n\t\t\t<div class=\"qodef-e-point\">\n\t\t\t\t\t\t\t<\/div>\n\t\t<\/div>\n\t\t<div class=\"qodef-e-top-holder\">\n\t\t\t<div class=\"qodef-e-image\">\n\t<\/div>\n\t\t<\/div>\n\t\t<div class=\"qodef-e-content-holder\">\n\t\t\t\t<h4 class=\"qodef-e-title\">\n\t\t2023\t\t<\/h4>\n\t\t\t\t\t<p class=\"qodef-e-text\">\n\t\tDe\u011fi\u015fim\t<\/p>\n\t\t\t\t\t\t<\/div>\n\t<\/div>\n<\/div>\n\t<\/div>\n<\/div>\n\t\t\t\t<\/div>\n\t\t\t\t<\/div>\n\t\t\t\t<\/div>\n\t\t\t\t<\/div>\n\t\t","protected":false},"excerpt":{"rendered":"<p>Tarih\u00e7e Home Peker Tekstil kurulu\u015fu 1960\u2019a uzanan ve tekstil ham maddeleri \u00fcretimi ve ticareti yapan bir aile \u015firketidir. \u0130stanbul\u2019da kuruldu\u011fu g\u00fcnden bu yana T\u00fcrkiye Tekstil sekt\u00f6r\u00fcnde m\u00fc\u015fteri memnuniyeti, zaman\u0131nda hizmet ve esneklik konusunda hakl\u0131 bir isim sahibi olmu\u015ftur. 60 y\u0131ll\u0131k tecr\u00fcbeye, \u015fu anda d\u00fcnyan\u0131n en b\u00fcy\u00fck 250 Tekstil Ticaret \u015firketinden birisidir. 1960 &#8211; Kurulu\u015f Peker [&hellip;]<\/p>\n","protected":false},"author":1,"featured_media":0,"parent":0,"menu_order":0,"comment_status":"closed","ping_status":"closed","template":"elementor_header_footer","meta":{"footnotes":""},"class_list":["post-318","page","type-page","status-publish","hentry"],"_links":{"self":[{"href":"https:\/\/peksglobal.com\/index.php?rest_route=\/wp\/v2\/pages\/318","targetHints":{"allow":["GET"]}}],"collection":[{"href":"https:\/\/peksglobal.com\/index.php?rest_route=\/wp\/v2\/pages"}],"about":[{"href":"https:\/\/peksglobal.com\/index.php?rest_route=\/wp\/v2\/types\/page"}],"author":[{"embeddable":true,"href":"https:\/\/peksglobal.com\/index.php?rest_route=\/wp\/v2\/users\/1"}],"replies":[{"embeddable":true,"href":"https:\/\/peksglobal.com\/index.php?rest_route=%2Fwp%2Fv2%2Fcomments&post=318"}],"version-history":[{"count":88,"href":"https:\/\/peksglobal.com\/index.php?rest_route=\/wp\/v2\/pages\/318\/revisions"}],"predecessor-version":[{"id":875,"href":"https:\/\/peksglobal.com\/index.php?rest_route=\/wp\/v2\/pages\/318\/revisions\/875"}],"wp:attachment":[{"href":"https:\/\/peksglobal.com\/index.php?rest_route=%2Fwp%2Fv2%2Fmedia&parent=318"}],"curies":[{"name":"wp","href":"https:\/\/api.w.org\/{rel}","templated":true}]}}